{"id":12440,"date":"2018-07-16T10:24:51","date_gmt":"2018-07-16T10:24:51","guid":{"rendered":"https:\/\/enovathemes.com\/globax\/?page_id=12440"},"modified":"2018-07-16T10:24:51","modified_gmt":"2018-07-16T10:24:51","slug":"project-with-overlay-alternative-small","status":"publish","type":"page","link":"https:\/\/egp.srv.br\/index.php\/project-with-overlay-alternative-small\/","title":{"rendered":"Project with overlay alternative small"},"content":{"rendered":"<p>[vc_row full_width=&#8221;stretch_row_content&#8221; gap=&#8221;0&#8243; css=&#8221;.vc_custom_1531836192060{padding-top: 96px !important;padding-bottom: 0px !important;background-color: #f5f5f5 !important;}&#8221;][vc_column]<div class=\"recent-projects-layout project-layout lazy lazy-load grid post-size-small gridify project-with-overlay-alt filter-true nogap\"  data-default-filter=\"advertisement\"><style><\/style><div class=\"project-filter recent-project-filter et-project-filter enovathemes-filter button-group filter-button-group\"><span class=\"filter \" data-filter=\"performance\" data-count=\"4\">Performance<\/span><\/div><div id=\"loop-projects-1\" data-columns=\"4\" class=\"loop-posts loop-project gridify recent-projects effect-none overlay-fade filter-true et-item-set et-clearfix\"><div class=\"grid-sizer\"><\/div><article class=\"et-item post stylish-hover performance post-13949 project type-project status-publish has-post-thumbnail hentry project-category-performance\" data-width=\"30\" id=\"project-13949\"><div class=\"post-inner et-item-inner et-clearfix\"><div class=\"post-image overlay-hover post-media\"><div class=\"image-container\"><div class=\"image-loading\"><\/div><div class=\"image-preloader\"><\/div><img loading=\"lazy\" decoding=\"async\" width=\"588\" height=\"340\" src=\"https:\/\/egp.srv.br\/wp-content\/uploads\/2021\/02\/Reducao-na-reposicao-de-pneus-novos--588x340.png\" class=\"attachment-globax_588X440 size-globax_588X440 wp-post-image\" alt=\"Redu\u00e7\u00e3o na reposi\u00e7\u00e3o de pneus novos\" data-responsive-images=\"false\" \/><\/div><\/div><a href=\"https:\/\/egp.srv.br\/index.php\/project\/reducao-na-reposicao-de-pneus-novos\/\" class=\"stylish-line-box\" title=\"Read more about Redu\u00e7\u00e3o na reposi\u00e7\u00e3o de pneus novos\"><div class=\"stylish-line-wrapper\"><div class=\"stylish-line\"><span class=\"stylish-line-ghost\"><span class=\"stylish-line-ghost-before\"><\/span><span class=\"stylish-line-ghost-middle\"><\/span><span class=\"stylish-line-ghost-after\"><\/span><\/span><div class=\"project-category stylish-subtitle\">Performance<\/div><h4 class=\"post-title stylish-title\">Redu\u00e7\u00e3o na reposi\u00e7\u00e3o de pneus novos<\/h4><\/div><\/div><\/a><\/div><\/article><article class=\"et-item post stylish-hover performance post-13947 project type-project status-publish has-post-thumbnail hentry project-category-performance\" data-width=\"30\" id=\"project-13947\"><div class=\"post-inner et-item-inner et-clearfix\"><div class=\"post-image overlay-hover post-media\"><div class=\"image-container\"><div class=\"image-loading\"><\/div><div class=\"image-preloader\"><\/div><img loading=\"lazy\" decoding=\"async\" width=\"588\" height=\"335\" src=\"https:\/\/egp.srv.br\/wp-content\/uploads\/2021\/02\/Frota-aumentando-e-sucateamento-estavel-em-relacao-ao-numero-de-pneus-rodando-588x335.png\" class=\"attachment-globax_588X440 size-globax_588X440 wp-post-image\" alt=\"Estabilidade de sucateamento\" data-responsive-images=\"false\" \/><\/div><\/div><a href=\"https:\/\/egp.srv.br\/index.php\/project\/estabilidade-de-sucateamento\/\" class=\"stylish-line-box\" title=\"Read more about Estabilidade de sucateamento\"><div class=\"stylish-line-wrapper\"><div class=\"stylish-line\"><span class=\"stylish-line-ghost\"><span class=\"stylish-line-ghost-before\"><\/span><span class=\"stylish-line-ghost-middle\"><\/span><span class=\"stylish-line-ghost-after\"><\/span><\/span><div class=\"project-category stylish-subtitle\">Performance<\/div><h4 class=\"post-title stylish-title\">Estabilidade de sucateamento<\/h4><\/div><\/div><\/a><\/div><\/article><article class=\"et-item post stylish-hover performance post-13945 project type-project status-publish has-post-thumbnail hentry project-category-performance\" data-width=\"30\" id=\"project-13945\"><div class=\"post-inner et-item-inner et-clearfix\"><div class=\"post-image overlay-hover post-media\"><div class=\"image-container\"><div class=\"image-loading\"><\/div><div class=\"image-preloader\"><\/div><img loading=\"lazy\" decoding=\"async\" width=\"588\" height=\"275\" src=\"https:\/\/egp.srv.br\/wp-content\/uploads\/2021\/02\/Pressao-de-ar-588x275.png\" class=\"attachment-globax_588X440 size-globax_588X440 wp-post-image\" alt=\"Press\u00e3o de ar\" data-responsive-images=\"false\" \/><\/div><\/div><a href=\"https:\/\/egp.srv.br\/index.php\/project\/pressao-de-ar\/\" class=\"stylish-line-box\" title=\"Read more about Press\u00e3o de ar\"><div class=\"stylish-line-wrapper\"><div class=\"stylish-line\"><span class=\"stylish-line-ghost\"><span class=\"stylish-line-ghost-before\"><\/span><span class=\"stylish-line-ghost-middle\"><\/span><span class=\"stylish-line-ghost-after\"><\/span><\/span><div class=\"project-category stylish-subtitle\">Performance<\/div><h4 class=\"post-title stylish-title\">Press\u00e3o de ar<\/h4><\/div><\/div><\/a><\/div><\/article><article class=\"et-item post stylish-hover performance post-7671 project type-project status-publish has-post-thumbnail hentry project-category-performance\" data-width=\"30\" id=\"project-7671\"><div class=\"post-inner et-item-inner et-clearfix\"><div class=\"post-image overlay-hover post-media\"><div class=\"image-container\"><div class=\"image-loading\"><\/div><div class=\"image-preloader\"><\/div><img loading=\"lazy\" decoding=\"async\" width=\"566\" height=\"355\" src=\"https:\/\/egp.srv.br\/wp-content\/uploads\/2017\/07\/Aumento-das-KMs-das-carcacas.png\" class=\"attachment-globax_588X440 size-globax_588X440 wp-post-image\" alt=\"Aumento das KMs das carca\u00e7as\" data-responsive-images=\"false\" \/><\/div><\/div><a href=\"https:\/\/egp.srv.br\/index.php\/project\/project-1\/\" class=\"stylish-line-box\" title=\"Read more about Aumento das KMs das carca\u00e7as\"><div class=\"stylish-line-wrapper\"><div class=\"stylish-line\"><span class=\"stylish-line-ghost\"><span class=\"stylish-line-ghost-before\"><\/span><span class=\"stylish-line-ghost-middle\"><\/span><span class=\"stylish-line-ghost-after\"><\/span><\/span><div class=\"project-category stylish-subtitle\">Performance<\/div><h4 class=\"post-title stylish-title\">Aumento das KMs das carca\u00e7as<\/h4><\/div><\/div><\/a><\/div><\/article><\/div><\/div>[\/vc_column][\/vc_row]<\/p>\n","protected":false},"excerpt":{"rendered":"<p>[vc_row full_width=&#8221;stretch_row_content&#8221; gap=&#8221;0&#8243; css=&#8221;.vc_custom_1531836192060{padding-top: 96px !important;padding-bottom: 0px !important;background-color: #f5f5f5 !important;}&#8221;][vc_column][\/vc_column][\/vc_row]<\/p>\n","protected":false},"author":1,"featured_media":0,"parent":0,"menu_order":0,"comment_status":"closed","ping_status":"closed","template":"page-vc.php","meta":{"footnotes":""},"class_list":["post-12440","page","type-page","status-publish","hentry"],"_links":{"self":[{"href":"https:\/\/egp.srv.br\/index.php\/wp-json\/wp\/v2\/pages\/12440","targetHints":{"allow":["GET"]}}],"collection":[{"href":"https:\/\/egp.srv.br\/index.php\/wp-json\/wp\/v2\/pages"}],"about":[{"href":"https:\/\/egp.srv.br\/index.php\/wp-json\/wp\/v2\/types\/page"}],"author":[{"embeddable":true,"href":"https:\/\/egp.srv.br\/index.php\/wp-json\/wp\/v2\/users\/1"}],"replies":[{"embeddable":true,"href":"https:\/\/egp.srv.br\/index.php\/wp-json\/wp\/v2\/comments?post=12440"}],"version-history":[{"count":0,"href":"https:\/\/egp.srv.br\/index.php\/wp-json\/wp\/v2\/pages\/12440\/revisions"}],"wp:attachment":[{"href":"https:\/\/egp.srv.br\/index.php\/wp-json\/wp\/v2\/media?parent=12440"}],"curies":[{"name":"wp","href":"https:\/\/api.w.org\/{rel}","templated":true}]}}