{"id":10066,"date":"2018-04-03T12:06:23","date_gmt":"2018-04-03T12:06:23","guid":{"rendered":"https:\/\/enovathemes.com\/globax\/?page_id=10066"},"modified":"2018-04-03T12:06:23","modified_gmt":"2018-04-03T12:06:23","slug":"project-with-details-medium","status":"publish","type":"page","link":"https:\/\/egp.srv.br\/index.php\/project-with-details-medium\/","title":{"rendered":"Project with details medium"},"content":{"rendered":"<p>[vc_row full_width=&#8221;stretch_row&#8221; gap=&#8221;0&#8243; css=&#8221;.vc_custom_1531836148163{padding-top: 96px !important;padding-bottom: 96px !important;background-color: #f5f5f5 !important;}&#8221;][vc_column]<div class=\"recent-projects-layout project-layout lazy lazy-load grid post-size-medium gridify project-with-details filter-true\"  data-default-filter=\"advertisement\"><style>#loop-projects-1{margin-left:-20px;margin-right:-20px;}#loop-projects-1 .et-item {padding-left:20px;padding-right:20px;padding-bottom:40px;}<\/style><div class=\"project-filter recent-project-filter et-project-filter enovathemes-filter button-group filter-button-group\"><span class=\"filter \" data-filter=\"performance\" data-count=\"4\">Performance<\/span><\/div><div id=\"loop-projects-1\" data-columns=\"3\" class=\"loop-posts loop-project gridify recent-projects effect-none overlay-fade-zoom filter-true et-item-set et-clearfix\"><div class=\"grid-sizer\"><\/div><article class=\"et-item post performance post-13949 project type-project status-publish has-post-thumbnail hentry project-category-performance\" data-width=\"30\" id=\"project-13949\"><div class=\"post-inner et-item-inner et-clearfix\"><div class=\"post-image overlay-hover post-media\"><div class=\"post-image-overlay\"><div class=\"post-image-overlay-content\"><a class=\"overlay-read-more\" href=\"https:\/\/egp.srv.br\/index.php\/project\/reducao-na-reposicao-de-pneus-novos\/\" title=\"Read more about Redu\u00e7\u00e3o na reposi\u00e7\u00e3o de pneus novos\"><\/a><\/div><\/div><div class=\"image-container\"><div class=\"image-loading\"><\/div><div class=\"image-preloader\"><\/div><img loading=\"lazy\" decoding=\"async\" width=\"588\" height=\"340\" src=\"https:\/\/egp.srv.br\/wp-content\/uploads\/2021\/02\/Reducao-na-reposicao-de-pneus-novos--588x340.png\" class=\"attachment-globax_588X440 size-globax_588X440 wp-post-image\" alt=\"Redu\u00e7\u00e3o na reposi\u00e7\u00e3o de pneus novos\" data-responsive-images=\"false\" \/><\/div><\/div><div class=\"post-body et-clearfix\"><div class=\"post-body-inner-wrap\"><div class=\"post-body-inner\"><div class=\"stylish-box-wrapper\"><div class=\"stylish-box\"><div class=\"project-category stylish-dash\"><a href=\"https:\/\/egp.srv.br\/index.php\/project-category\/performance\/\" rel=\"tag\">Performance<\/a><\/div><h4 class=\"post-title\"><a href=\"https:\/\/egp.srv.br\/index.php\/project\/reducao-na-reposicao-de-pneus-novos\/\" title=\"Read more about Redu\u00e7\u00e3o na reposi\u00e7\u00e3o de pneus novos\" rel=\"bookmark\">Redu\u00e7\u00e3o na reposi\u00e7\u00e3o de pneus novos<\/a><\/h4><\/div><div class=\"stylish-box\"><a class=\"stylish-button et-button small project-detail-button\" href=\"https:\/\/egp.srv.br\/index.php\/project\/reducao-na-reposicao-de-pneus-novos\/\" title=\"Read more about Redu\u00e7\u00e3o na reposi\u00e7\u00e3o de pneus novos\" rel=\"bookmark\">Details<\/a><\/div><\/div><\/div><\/div><\/div><\/div><\/article><article class=\"et-item post performance post-13947 project type-project status-publish has-post-thumbnail hentry project-category-performance\" data-width=\"30\" id=\"project-13947\"><div class=\"post-inner et-item-inner et-clearfix\"><div class=\"post-image overlay-hover post-media\"><div class=\"post-image-overlay\"><div class=\"post-image-overlay-content\"><a class=\"overlay-read-more\" href=\"https:\/\/egp.srv.br\/index.php\/project\/estabilidade-de-sucateamento\/\" title=\"Read more about Estabilidade de sucateamento\"><\/a><\/div><\/div><div class=\"image-container\"><div class=\"image-loading\"><\/div><div class=\"image-preloader\"><\/div><img loading=\"lazy\" decoding=\"async\" width=\"588\" height=\"335\" src=\"https:\/\/egp.srv.br\/wp-content\/uploads\/2021\/02\/Frota-aumentando-e-sucateamento-estavel-em-relacao-ao-numero-de-pneus-rodando-588x335.png\" class=\"attachment-globax_588X440 size-globax_588X440 wp-post-image\" alt=\"Estabilidade de sucateamento\" data-responsive-images=\"false\" \/><\/div><\/div><div class=\"post-body et-clearfix\"><div class=\"post-body-inner-wrap\"><div class=\"post-body-inner\"><div class=\"stylish-box-wrapper\"><div class=\"stylish-box\"><div class=\"project-category stylish-dash\"><a href=\"https:\/\/egp.srv.br\/index.php\/project-category\/performance\/\" rel=\"tag\">Performance<\/a><\/div><h4 class=\"post-title\"><a href=\"https:\/\/egp.srv.br\/index.php\/project\/estabilidade-de-sucateamento\/\" title=\"Read more about Estabilidade de sucateamento\" rel=\"bookmark\">Estabilidade de sucateamento<\/a><\/h4><\/div><div class=\"stylish-box\"><a class=\"stylish-button et-button small project-detail-button\" href=\"https:\/\/egp.srv.br\/index.php\/project\/estabilidade-de-sucateamento\/\" title=\"Read more about Estabilidade de sucateamento\" rel=\"bookmark\">Details<\/a><\/div><\/div><\/div><\/div><\/div><\/div><\/article><article class=\"et-item post performance post-13945 project type-project status-publish has-post-thumbnail hentry project-category-performance\" data-width=\"30\" id=\"project-13945\"><div class=\"post-inner et-item-inner et-clearfix\"><div class=\"post-image overlay-hover post-media\"><div class=\"post-image-overlay\"><div class=\"post-image-overlay-content\"><a class=\"overlay-read-more\" href=\"https:\/\/egp.srv.br\/index.php\/project\/pressao-de-ar\/\" title=\"Read more about Press\u00e3o de ar\"><\/a><\/div><\/div><div class=\"image-container\"><div class=\"image-loading\"><\/div><div class=\"image-preloader\"><\/div><img loading=\"lazy\" decoding=\"async\" width=\"588\" height=\"275\" src=\"https:\/\/egp.srv.br\/wp-content\/uploads\/2021\/02\/Pressao-de-ar-588x275.png\" class=\"attachment-globax_588X440 size-globax_588X440 wp-post-image\" alt=\"Press\u00e3o de ar\" data-responsive-images=\"false\" \/><\/div><\/div><div class=\"post-body et-clearfix\"><div class=\"post-body-inner-wrap\"><div class=\"post-body-inner\"><div class=\"stylish-box-wrapper\"><div class=\"stylish-box\"><div class=\"project-category stylish-dash\"><a href=\"https:\/\/egp.srv.br\/index.php\/project-category\/performance\/\" rel=\"tag\">Performance<\/a><\/div><h4 class=\"post-title\"><a href=\"https:\/\/egp.srv.br\/index.php\/project\/pressao-de-ar\/\" title=\"Read more about Press\u00e3o de ar\" rel=\"bookmark\">Press\u00e3o de ar<\/a><\/h4><\/div><div class=\"stylish-box\"><a class=\"stylish-button et-button small project-detail-button\" href=\"https:\/\/egp.srv.br\/index.php\/project\/pressao-de-ar\/\" title=\"Read more about Press\u00e3o de ar\" rel=\"bookmark\">Details<\/a><\/div><\/div><\/div><\/div><\/div><\/div><\/article><article class=\"et-item post performance post-7671 project type-project status-publish has-post-thumbnail hentry project-category-performance\" data-width=\"30\" id=\"project-7671\"><div class=\"post-inner et-item-inner et-clearfix\"><div class=\"post-image overlay-hover post-media\"><div class=\"post-image-overlay\"><div class=\"post-image-overlay-content\"><a class=\"overlay-read-more\" href=\"https:\/\/egp.srv.br\/index.php\/project\/project-1\/\" title=\"Read more about Aumento das KMs das carca\u00e7as\"><\/a><\/div><\/div><div class=\"image-container\"><div class=\"image-loading\"><\/div><div class=\"image-preloader\"><\/div><img loading=\"lazy\" decoding=\"async\" width=\"566\" height=\"355\" src=\"https:\/\/egp.srv.br\/wp-content\/uploads\/2017\/07\/Aumento-das-KMs-das-carcacas.png\" class=\"attachment-globax_588X440 size-globax_588X440 wp-post-image\" alt=\"Aumento das KMs das carca\u00e7as\" data-responsive-images=\"false\" \/><\/div><\/div><div class=\"post-body et-clearfix\"><div class=\"post-body-inner-wrap\"><div class=\"post-body-inner\"><div class=\"stylish-box-wrapper\"><div class=\"stylish-box\"><div class=\"project-category stylish-dash\"><a href=\"https:\/\/egp.srv.br\/index.php\/project-category\/performance\/\" rel=\"tag\">Performance<\/a><\/div><h4 class=\"post-title\"><a href=\"https:\/\/egp.srv.br\/index.php\/project\/project-1\/\" title=\"Read more about Aumento das KMs das carca\u00e7as\" rel=\"bookmark\">Aumento das KMs das carca\u00e7as<\/a><\/h4><\/div><div class=\"stylish-box\"><a class=\"stylish-button et-button small project-detail-button\" href=\"https:\/\/egp.srv.br\/index.php\/project\/project-1\/\" title=\"Read more about Aumento das KMs das carca\u00e7as\" rel=\"bookmark\">Details<\/a><\/div><\/div><\/div><\/div><\/div><\/div><\/article><\/div><\/div>[\/vc_column][\/vc_row]<\/p>\n","protected":false},"excerpt":{"rendered":"<p>[vc_row full_width=&#8221;stretch_row&#8221; gap=&#8221;0&#8243; css=&#8221;.vc_custom_1531836148163{padding-top: 96px !important;padding-bottom: 96px !important;background-color: #f5f5f5 !important;}&#8221;][vc_column][\/vc_column][\/vc_row]<\/p>\n","protected":false},"author":1,"featured_media":0,"parent":0,"menu_order":0,"comment_status":"closed","ping_status":"closed","template":"page-vc.php","meta":{"footnotes":""},"class_list":["post-10066","page","type-page","status-publish","hentry"],"_links":{"self":[{"href":"https:\/\/egp.srv.br\/index.php\/wp-json\/wp\/v2\/pages\/10066","targetHints":{"allow":["GET"]}}],"collection":[{"href":"https:\/\/egp.srv.br\/index.php\/wp-json\/wp\/v2\/pages"}],"about":[{"href":"https:\/\/egp.srv.br\/index.php\/wp-json\/wp\/v2\/types\/page"}],"author":[{"embeddable":true,"href":"https:\/\/egp.srv.br\/index.php\/wp-json\/wp\/v2\/users\/1"}],"replies":[{"embeddable":true,"href":"https:\/\/egp.srv.br\/index.php\/wp-json\/wp\/v2\/comments?post=10066"}],"version-history":[{"count":0,"href":"https:\/\/egp.srv.br\/index.php\/wp-json\/wp\/v2\/pages\/10066\/revisions"}],"wp:attachment":[{"href":"https:\/\/egp.srv.br\/index.php\/wp-json\/wp\/v2\/media?parent=10066"}],"curies":[{"name":"wp","href":"https:\/\/api.w.org\/{rel}","templated":true}]}}